{"id":159,"date":"2025-02-04T09:53:45","date_gmt":"2025-02-04T09:53:45","guid":{"rendered":"https:\/\/association-labrique.fr\/?page_id=159"},"modified":"2025-12-18T15:14:43","modified_gmt":"2025-12-18T14:14:43","slug":"les_maraudes","status":"publish","type":"page","link":"https:\/\/assolabrique.com\/?page_id=159","title":{"rendered":"LES MARAUDES"},"content":{"rendered":"\n<div class=\"wp-block-group alignfull has-base-2-background-color has-background is-vertical is-layout-flex wp-container-core-group-is-layout-f3ea6442 wp-block-group-is-layout-flex\" style=\"margin-top:0;margin-bottom:0;padding-top:var(--wp--preset--spacing--50);padding-right:var(--wp--preset--spacing--50);padding-bottom:var(--wp--preset--spacing--50);padding-left:var(--wp--preset--spacing--50)\">\n<div class=\"wp-block-columns alignwide are-vertically-aligned-top is-layout-flex wp-container-core-columns-is-layout-549b0c86 wp-block-columns-is-layout-flex\">\n<div class=\"wp-block-column is-vertically-aligned-top is-layout-flow wp-block-column-is-layout-flow\" style=\"flex-basis:66.66%\">\n<p class=\"has-accent-3-color has-text-color has-link-color has-hipsterishfontnormal-font-family has-large-font-size wp-elements-6ea7f7729a56573950cae646e574b4fe\"><strong>C\u2019est tous les jeudis soirs&nbsp;!<\/strong><\/p>\n\n\n\n<p><mark style=\"background-color:rgba(0, 0, 0, 0)\" class=\"has-inline-color has-accent-3-color\">La maraude a pour but premier d\u2019aller vers les personnes en situation de grande exclusion.<\/mark><\/p>\n\n\n\n<p>Elle vise le maintien du lien social et le renvoi tant que c\u2019est possible vers les services sociaux. Une relation de confiance s\u2019installe entre les publics rencontr\u00e9s et les Briquettes. Chaque semaine et tout au long de l\u2019ann\u00e9e sans interruption, nous rencontrons une dizaine de personnes en moyenne.<\/p>\n\n\n\n<p><mark style=\"background-color:rgba(0, 0, 0, 0)\" class=\"has-inline-color has-accent-3-color\">La pr\u00e9paration<\/mark> se fait \u00e0 Down&rsquo;Up, au 17\/21 Rue Paul Adam, si\u00e8ge social de La Brique.<\/p>\n\n\n\n<p>Chaque jeudi, les Briquettes se divisent en deux groupes pour apporter une \u00e9coute&nbsp;bienveillante :<\/p>\n\n\n\n<p class=\"has-contrast-color has-text-color has-link-color wp-elements-2662284ccb967330d87836593f9db1a1\"><mark style=\"background-color:rgba(0, 0, 0, 0)\" class=\"has-inline-color has-accent-3-color\"><strong>Groupe 1..<\/strong>.<\/mark><\/p>\n\n\n\n<p class=\"has-contrast-color has-text-color has-link-color wp-elements-ba1a0aae2084ef81d55f8682173a61f7\"><mark style=\"background-color:rgba(0, 0, 0, 0)\" class=\"has-inline-color has-accent-3-color\">Au parc du Rietz <\/mark>qui accueille aussi des personnes log\u00e9es, en situation pr\u00e9caire, des jeux sont propos\u00e9s (M\u00f6lkky, p\u00e9tanque\u2026). Les b\u00e9n\u00e9voles discutent et jouent avec les personnes pr\u00e9sentes\u2026<\/p>\n\n\n\n<p><mark style=\"background-color:rgba(0, 0, 0, 0)\" class=\"has-inline-color has-accent-3-color\">A La Margelle (accueil de jour de l\u2019ASA),<\/mark> en hiver ou lorsque le temps est mauvais, ils apportent des jeux de soci\u00e9t\u00e9 afin d\u2019amener joie et bonne humeur et leur permettre d\u2019oublier momentan\u00e9ment leur vie difficile.<\/p>\n\n\n\n<p><mark style=\"background-color:rgba(0, 0, 0, 0)\" class=\"has-inline-color has-accent-3-color\"><strong>Groupe 2&#8230; <\/strong><\/mark><\/p>\n\n\n\n<p><mark style=\"background-color:rgba(0, 0, 0, 0)\" class=\"has-inline-color has-accent-3-color\">Lors de la maraude volante, <\/mark>soupe, caf\u00e9s, sandwichs et viennoiseries sont distribu\u00e9s aux personnes de la rue. Des conserves, v\u00eatements et couvertures peuvent \u00eatre transmis \u00e0 la demande, si n\u00e9cessaire. Ce moment est important car les personnes rencontr\u00e9es sont seules, ont besoin de soutien, de bienveillance, de sourires et d\u2019un peu d\u2019humour.<\/p>\n\n\n\n<p><mark style=\"background-color:rgba(0, 0, 0, 0)\" class=\"has-inline-color has-accent-3-color\"><strong>Groupe 3&#8230; <\/strong><\/mark><\/p>\n\n\n\n<p><mark style=\"background-color:rgba(0, 0, 0, 0)\" class=\"has-inline-color has-accent-3-color\">A La Margelle (accueil de jour de l\u2019ASA),<\/mark> quelques b\u00e9n\u00e9voles viennent donner des cours de fran\u00e7ais \u00e0 des \u00e9l\u00e8ves r\u00e9guliers et assidus.<\/p>\n\n\n\n<p><mark style=\"background-color:rgba(0, 0, 0, 0)\" class=\"has-inline-color has-accent-3-color\"><strong>Apr\u00e8s la maraude<\/strong><\/mark><strong>, <\/strong>un d\u00e9briefing est \u00e9tabli pour faire un bilan des deux \u00e9quipes et pr\u00e9parer la maraude suivante.<\/p>\n\n\n\n<p><em>Le pain est offert par la boulangerie CAUDRON d\u2019Arras (invendus de fin de journ\u00e9e), les produits d&rsquo;hygi\u00e8ne, v\u00eatements et conserves proviennent de dons de particuliers ou de commer\u00e7ants.<\/em> <\/p>\n\n\n\n<p><em><mark style=\"background-color:rgba(0, 0, 0, 0)\" class=\"has-inline-color has-accent-3-color\">Merci \u00e0 tous&nbsp;!<\/mark><\/em><\/p>\n<\/div>\n\n\n\n<div class=\"wp-block-column is-layout-flow wp-block-column-is-layout-flow\"><\/div>\n\n\n\n<div class=\"wp-block-column is-vertically-aligned-top is-layout-flow wp-block-column-is-layout-flow\" style=\"flex-basis:33.33%\">\n<figure class=\"wp-block-image aligncenter size-full is-resized is-style-rounded is-style-rounded--1\"><img loading=\"lazy\" decoding=\"async\" width=\"4000\" height=\"2664\" src=\"https:\/\/assolabrique.com\/wp-content\/uploads\/2025\/03\/20241205_190142.jpg\" alt=\"\" class=\"wp-image-591\" style=\"width:318px;height:auto\"\/><figcaption class=\"wp-element-caption\">Les jeux \u00e0 la Margelle<\/figcaption><\/figure>\n\n\n\n<figure class=\"wp-block-image aligncenter size-full is-resized has-custom-border\"><img loading=\"lazy\" decoding=\"async\" width=\"2744\" height=\"2179\" src=\"https:\/\/assolabrique.com\/wp-content\/uploads\/2025\/07\/20250626_171725-1.jpg\" alt=\"\" class=\"wp-image-869\" style=\"border-radius:25px;width:315px;height:auto\"\/><figcaption class=\"wp-element-caption\">Les cours de fran\u00e7ais<\/figcaption><\/figure>\n\n\n\n<figure class=\"wp-block-image aligncenter size-full is-resized is-style-rounded is-style-rounded--2\"><img loading=\"lazy\" decoding=\"async\" width=\"1442\" height=\"1859\" src=\"https:\/\/assolabrique.com\/wp-content\/uploads\/2025\/03\/20230921_171150.jpg\" alt=\"\" class=\"wp-image-595\" style=\"aspect-ratio:0.5625;object-fit:cover;width:332px;height:auto\"\/><figcaption class=\"wp-element-caption\">La maraude volante<\/figcaption><\/figure>\n<\/div>\n<\/div>\n<\/div>\n\n\n\n<div class=\"wp-block-cover alignfull is-light has-parallax\" style=\"padding-top:var(--wp--preset--spacing--50);padding-right:var(--wp--preset--spacing--50);padding-bottom:var(--wp--preset--spacing--50);padding-left:var(--wp--preset--spacing--50);min-height:100vh;aspect-ratio:unset;\"><div class=\"wp-block-cover__image-background wp-image-370 has-parallax\" style=\"background-position:50% 50%;background-image:url(https:\/\/assolabrique.com\/wp-content\/uploads\/2025\/02\/2.jpg)\"><\/div><span aria-hidden=\"true\" class=\"wp-block-cover__background has-base-background-color has-background-dim-0 has-background-dim\"><\/span><div class=\"wp-block-cover__inner-container has-global-padding is-layout-constrained wp-container-core-cover-is-layout-e4fd886c wp-block-cover-is-layout-constrained\">\n<p class=\"has-text-align-center has-heading-font-family has-x-large-font-size\" style=\"font-style:normal;font-weight:400;line-height:1.2\"><em><mark style=\"background-color:rgba(0, 0, 0, 0)\" class=\"has-inline-color has-contrast-color\"><strong>A la Brique, aider sans jamais juger est une r\u00e8gle d\u2019or&nbsp;!<\/strong><\/mark><\/em><\/p>\n<\/div><\/div>\n","protected":false},"excerpt":{"rendered":"<p>C\u2019est tous les jeudis soirs&nbsp;! La maraude a pour but premier d\u2019aller vers les personnes en situation de grande exclusion. Elle vise le maintien du lien social et le renvoi tant que c\u2019est possible vers les services sociaux. Une relation de confiance s\u2019installe entre les publics rencontr\u00e9s et les Briquettes. Chaque semaine et tout au [&hellip;]<\/p>\n","protected":false},"author":2,"featured_media":0,"parent":0,"menu_order":0,"comment_status":"closed","ping_status":"closed","template":"","meta":{"footnotes":""},"class_list":["post-159","page","type-page","status-publish","hentry"],"_links":{"self":[{"href":"https:\/\/assolabrique.com\/index.php?rest_route=\/wp\/v2\/pages\/159","targetHints":{"allow":["GET"]}}],"collection":[{"href":"https:\/\/assolabrique.com\/index.php?rest_route=\/wp\/v2\/pages"}],"about":[{"href":"https:\/\/assolabrique.com\/index.php?rest_route=\/wp\/v2\/types\/page"}],"author":[{"embeddable":true,"href":"https:\/\/assolabrique.com\/index.php?rest_route=\/wp\/v2\/users\/2"}],"replies":[{"embeddable":true,"href":"https:\/\/assolabrique.com\/index.php?rest_route=%2Fwp%2Fv2%2Fcomments&post=159"}],"version-history":[{"count":31,"href":"https:\/\/assolabrique.com\/index.php?rest_route=\/wp\/v2\/pages\/159\/revisions"}],"predecessor-version":[{"id":932,"href":"https:\/\/assolabrique.com\/index.php?rest_route=\/wp\/v2\/pages\/159\/revisions\/932"}],"wp:attachment":[{"href":"https:\/\/assolabrique.com\/index.php?rest_route=%2Fwp%2Fv2%2Fmedia&parent=159"}],"curies":[{"name":"wp","href":"https:\/\/api.w.org\/{rel}","templated":true}]}}