{"id":190,"date":"2025-02-04T10:34:24","date_gmt":"2025-02-04T10:34:24","guid":{"rendered":"https:\/\/association-labrique.fr\/?page_id=190"},"modified":"2025-03-21T12:12:16","modified_gmt":"2025-03-21T11:12:16","slug":"un_cine_pour_tous","status":"publish","type":"page","link":"https:\/\/assolabrique.com\/?page_id=190","title":{"rendered":"UN CIN\u00c9 POUR TOUS"},"content":{"rendered":"\n<div class=\"wp-block-group alignfull has-base-2-background-color has-background has-global-padding is-layout-constrained wp-container-core-group-is-layout-d89aad35 wp-block-group-is-layout-constrained\" style=\"margin-top:0;margin-bottom:0;padding-top:var(--wp--preset--spacing--50);padding-right:var(--wp--preset--spacing--50);padding-bottom:var(--wp--preset--spacing--50);padding-left:var(--wp--preset--spacing--50)\">\n<div class=\"wp-block-columns alignwide is-layout-flex wp-container-core-columns-is-layout-549b0c86 wp-block-columns-is-layout-flex\">\n<div class=\"wp-block-column is-layout-flow wp-block-column-is-layout-flow\" style=\"flex-basis:66.66%\">\n<figure class=\"wp-block-image size-full\"><a href=\"https:\/\/www.arrasfilmfestival.com\/\"><img loading=\"lazy\" decoding=\"async\" width=\"1754\" height=\"1240\" src=\"https:\/\/assolabrique.com\/wp-content\/uploads\/2025\/02\/AFF-Affiche-2024.png\" alt=\"\" class=\"wp-image-197\"\/><\/a><\/figure>\n\n\n\n<p>Chaque ann\u00e9e, au mois de novembre, <mark style=\"background-color:rgba(0, 0, 0, 0)\" class=\"has-inline-color has-accent-3-color\">l&rsquo;Arras Film Festival, le M\u00e9garama et l\u2019association La Brique<\/mark> proposent aux cin\u00e9philes, d\u2019acheter des \u00ab&nbsp;billets suspendus \u00bb, <span style=\"text-decoration: underline;\">afin d\u2019offrir des places de cin\u00e9ma aux plus d\u00e9munis.<\/span><\/p>\n\n\n\n<p><mark style=\"background-color:rgba(0, 0, 0, 0)\" class=\"has-inline-color has-accent-3-color\">C\u2019est quoi les billets suspendus&nbsp;?<\/mark><\/p>\n\n\n\n<p>Vous pouvez apporter un don en billetterie, aupr\u00e8s du guichet du M\u00e9garama. Ainsi gr\u00e2ce \u00e0 vous, les b\u00e9n\u00e9voles de La Brique pourront ensuite r\u00e9cup\u00e9rer des billets, afin d\u2019emmener des sans domicile fixe \u00e0 l\u2019une des s\u00e9ances.<\/p>\n\n\n\n<p>Les retours ont \u00e9t\u00e9 tr\u00e8s positifs, avec chaque ann\u00e9e, plus de soixante places offertes&nbsp;!<\/p>\n<\/div>\n\n\n\n<div class=\"wp-block-column is-layout-flow wp-block-column-is-layout-flow\" style=\"flex-basis:33.33%\">\n<figure class=\"wp-block-image aligncenter size-full is-resized\"><img loading=\"lazy\" decoding=\"async\" width=\"800\" height=\"800\" src=\"https:\/\/assolabrique.com\/wp-content\/uploads\/2025\/02\/Logo-Arras_Film-DEF-1.jpg\" alt=\"\" class=\"wp-image-200\" style=\"width:287px;height:auto\"\/><\/figure>\n\n\n\n<figure data-wp-context=\"{&quot;imageId&quot;:&quot;69dd2ca6a8faa&quot;}\" data-wp-interactive=\"core\/image\" class=\"wp-block-image aligncenter size-full is-resized is-style-rounded is-style-rounded--1 wp-lightbox-container\"><img loading=\"lazy\" decoding=\"async\" width=\"826\" height=\"1088\" data-wp-class--hide=\"state.isContentHidden\" data-wp-class--show=\"state.isContentVisible\" data-wp-init=\"callbacks.setButtonStyles\" data-wp-on-async--click=\"actions.showLightbox\" data-wp-on-async--load=\"callbacks.setButtonStyles\" data-wp-on-async-window--resize=\"callbacks.setButtonStyles\" src=\"https:\/\/assolabrique.com\/wp-content\/uploads\/2025\/03\/Stand2.jpg\" alt=\"\" class=\"wp-image-615\" style=\"aspect-ratio:0.5625;object-fit:cover;width:329px;height:auto\"\/><button\n\t\t\tclass=\"lightbox-trigger\"\n\t\t\ttype=\"button\"\n\t\t\taria-haspopup=\"dialog\"\n\t\t\taria-label=\"Agrandir\"\n\t\t\tdata-wp-init=\"callbacks.initTriggerButton\"\n\t\t\tdata-wp-on-async--click=\"actions.showLightbox\"\n\t\t\tdata-wp-style--right=\"state.imageButtonRight\"\n\t\t\tdata-wp-style--top=\"state.imageButtonTop\"\n\t\t>\n\t\t\t<svg xmlns=\"http:\/\/www.w3.org\/2000\/svg\" width=\"12\" height=\"12\" fill=\"none\" viewBox=\"0 0 12 12\">\n\t\t\t\t<path fill=\"#fff\" d=\"M2 0a2 2 0 0 0-2 2v2h1.5V2a.5.5 0 0 1 .5-.5h2V0H2Zm2 10.5H2a.5.5 0 0 1-.5-.5V8H0v2a2 2 0 0 0 2 2h2v-1.5ZM8 12v-1.5h2a.5.5 0 0 0 .5-.5V8H12v2a2 2 0 0 1-2 2H8Zm2-12a2 2 0 0 1 2 2v2h-1.5V2a.5.5 0 0 0-.5-.5H8V0h2Z\" \/>\n\t\t\t<\/svg>\n\t\t<\/button><figcaption class=\"wp-element-caption\">Le stand de la Brique <\/figcaption><\/figure>\n<\/div>\n<\/div>\n<\/div>\n\n\n\n<div class=\"wp-block-cover alignfull is-light has-parallax\" style=\"padding-top:var(--wp--preset--spacing--50);padding-right:var(--wp--preset--spacing--50);padding-bottom:var(--wp--preset--spacing--50);padding-left:var(--wp--preset--spacing--50);min-height:100vh;aspect-ratio:unset;\"><span aria-hidden=\"true\" class=\"wp-block-cover__background has-base-background-color has-background-dim-0 has-background-dim\"><\/span><div class=\"wp-block-cover__image-background wp-image-380 has-parallax\" style=\"background-position:50% 50%;background-image:url(https:\/\/assolabrique.com\/wp-content\/uploads\/2025\/02\/x-4.jpg)\"><\/div><div class=\"wp-block-cover__inner-container has-global-padding is-layout-constrained wp-container-core-cover-is-layout-e4fd886c wp-block-cover-is-layout-constrained\">\n<p class=\"has-text-align-center has-heading-font-family has-x-large-font-size\" style=\"font-style:normal;font-weight:400;line-height:1.2\"><em><strong><mark style=\"background-color:rgba(0, 0, 0, 0)\" class=\"has-inline-color has-contrast-color\">La culture\u2026 <\/mark><\/strong><\/em><\/p>\n\n\n\n<p class=\"has-text-align-center has-heading-font-family has-x-large-font-size\" style=\"margin-top:0;margin-right:0;margin-bottom:0;margin-left:0;font-style:normal;font-weight:400;line-height:1.2\"><em><strong><mark style=\"background-color:rgba(0, 0, 0, 0)\" class=\"has-inline-color has-contrast-color\"> et pourquoi pas<\/mark><\/strong><\/em><\/p>\n\n\n\n<p class=\"has-text-align-center has-heading-font-family has-x-large-font-size\" style=\"margin-top:0;margin-right:0;margin-bottom:0;margin-left:0;font-style:normal;font-weight:400;line-height:1.2\"><em><strong><mark style=\"background-color:rgba(0, 0, 0, 0)\" class=\"has-inline-color has-contrast-color\">pour eux !<\/mark><\/strong><\/em><\/p>\n<\/div><\/div>\n","protected":false},"excerpt":{"rendered":"<p>Chaque ann\u00e9e, au mois de novembre, l&rsquo;Arras Film Festival, le M\u00e9garama et l\u2019association La Brique proposent aux cin\u00e9philes, d\u2019acheter des \u00ab&nbsp;billets suspendus \u00bb, afin d\u2019offrir des places de cin\u00e9ma aux plus d\u00e9munis. C\u2019est quoi les billets suspendus&nbsp;? Vous pouvez apporter un don en billetterie, aupr\u00e8s du guichet du M\u00e9garama. Ainsi gr\u00e2ce \u00e0 vous, les b\u00e9n\u00e9voles [&hellip;]<\/p>\n","protected":false},"author":2,"featured_media":0,"parent":0,"menu_order":0,"comment_status":"closed","ping_status":"closed","template":"","meta":{"footnotes":""},"class_list":["post-190","page","type-page","status-publish","hentry"],"_links":{"self":[{"href":"https:\/\/assolabrique.com\/index.php?rest_route=\/wp\/v2\/pages\/190","targetHints":{"allow":["GET"]}}],"collection":[{"href":"https:\/\/assolabrique.com\/index.php?rest_route=\/wp\/v2\/pages"}],"about":[{"href":"https:\/\/assolabrique.com\/index.php?rest_route=\/wp\/v2\/types\/page"}],"author":[{"embeddable":true,"href":"https:\/\/assolabrique.com\/index.php?rest_route=\/wp\/v2\/users\/2"}],"replies":[{"embeddable":true,"href":"https:\/\/assolabrique.com\/index.php?rest_route=%2Fwp%2Fv2%2Fcomments&post=190"}],"version-history":[{"count":17,"href":"https:\/\/assolabrique.com\/index.php?rest_route=\/wp\/v2\/pages\/190\/revisions"}],"predecessor-version":[{"id":788,"href":"https:\/\/assolabrique.com\/index.php?rest_route=\/wp\/v2\/pages\/190\/revisions\/788"}],"wp:attachment":[{"href":"https:\/\/assolabrique.com\/index.php?rest_route=%2Fwp%2Fv2%2Fmedia&parent=190"}],"curies":[{"name":"wp","href":"https:\/\/api.w.org\/{rel}","templated":true}]}}