{"id":203,"date":"2025-02-04T10:51:34","date_gmt":"2025-02-04T10:51:34","guid":{"rendered":"https:\/\/association-labrique.fr\/?page_id=203"},"modified":"2025-12-18T15:17:00","modified_gmt":"2025-12-18T14:17:00","slug":"noel_solidaire_de_la_brique","status":"publish","type":"page","link":"https:\/\/assolabrique.com\/?page_id=203","title":{"rendered":"NO\u00cbL SOLIDAIRE DE LABRIQUE"},"content":{"rendered":"\n<figure class=\"wp-block-image aligncenter size-full is-resized has-custom-border\" style=\"margin-top:0;margin-right:0;margin-bottom:0;margin-left:0\"><img loading=\"lazy\" decoding=\"async\" width=\"1931\" height=\"3151\" src=\"https:\/\/assolabrique.com\/wp-content\/uploads\/2025\/02\/Noel.png\" alt=\"\" class=\"wp-image-205\" style=\"border-style:none;border-width:0px;border-radius:0px;width:183px;height:auto\"\/><\/figure>\n\n\n\n<div class=\"wp-block-group alignfull has-base-2-background-color has-background has-global-padding is-layout-constrained wp-container-core-group-is-layout-d89aad35 wp-block-group-is-layout-constrained\" style=\"margin-top:0;margin-bottom:0;padding-top:var(--wp--preset--spacing--50);padding-right:var(--wp--preset--spacing--50);padding-bottom:var(--wp--preset--spacing--50);padding-left:var(--wp--preset--spacing--50)\">\n<div class=\"wp-block-columns alignwide is-layout-flex wp-container-core-columns-is-layout-549b0c86 wp-block-columns-is-layout-flex\">\n<div class=\"wp-block-column is-layout-flow wp-block-column-is-layout-flow\" style=\"flex-basis:66.66%\">\n<p><mark style=\"background-color:rgba(0, 0, 0, 0)\" class=\"has-inline-color has-accent-3-color\">L\u2019op\u00e9ration \u00ab&nbsp;bo\u00eetes \u00e0 cadeaux&nbsp;\u00bb <\/mark>organis\u00e9e par la Maison de l\u2019Emploi et des M\u00e9tiers (MEM), permet \u00e0 La Brique de b\u00e9n\u00e9ficier chaque ann\u00e9e d\u2019une quarantaine&nbsp;de bo\u00eetes, destin\u00e9es \u00e0 \u00eatre distribu\u00e9es lors de la f\u00eate de fin d\u2019ann\u00e9e et des maraudes suivantes.<\/p>\n\n\n\n<p>Elles \u00e9taient remplies de merveilles et de petits mots doux. De quoi faire des heureux&nbsp;gr\u00e2ce aux jeunes de la MEM et aux commer\u00e7ants, pour leur implication dans cette collecte.<\/p>\n\n\n\n<p><mark style=\"background-color:rgba(0, 0, 0, 0)\" class=\"has-inline-color has-accent-3-color\">Chaque ann\u00e9e, la F\u00eate de No\u00ebl, est un moment important.<\/mark> <\/p>\n\n\n\n<p><mark style=\"background-color:rgba(0, 0, 0, 0)\" class=\"has-inline-color has-contrast-color\"><span style=\"text-decoration: underline;\">Elle se d\u00e9roule un jeudi au Perchoir \u2013 le tiers-lieu de Down&rsquo;Up \u2013, \u00e0 la place d\u2019une maraude<\/span>.<\/mark> Nous allons chercher toutes les personnes volontaires, \u00e0 la Margelle et en ville et les amenons en voiture au Rat perch\u00e9 pour des moments festifs\u00a0: distributions des \u00ab bo\u00eetes \u00e0 cadeaux \u00bb, repas festif, cocktail sans alcool, clowneries et concerts.<\/p>\n\n\n\n<figure class=\"wp-block-image aligncenter size-full is-resized has-custom-border\"><img loading=\"lazy\" decoding=\"async\" width=\"1200\" height=\"1600\" src=\"https:\/\/assolabrique.com\/wp-content\/uploads\/2025\/02\/IMG-20241215-WA0000.jpg\" alt=\"\" class=\"wp-image-204\" style=\"border-radius:20px;width:551px;height:auto\"\/><figcaption class=\"wp-element-caption\">Les bo\u00eetes \u00e0 cadeaux<\/figcaption><\/figure>\n<\/div>\n\n\n\n<div class=\"wp-block-column is-layout-flow wp-block-column-is-layout-flow\" style=\"flex-basis:33.33%\">\n<figure class=\"wp-block-image aligncenter size-full has-custom-border\"><img loading=\"lazy\" decoding=\"async\" width=\"4000\" height=\"2664\" src=\"https:\/\/assolabrique.com\/wp-content\/uploads\/2025\/03\/Adrian.jpg\" alt=\"\" class=\"wp-image-551\" style=\"border-radius:20px\"\/><figcaption class=\"wp-element-caption\">Adrian Barker, clownerie et jonglage<\/figcaption><\/figure>\n\n\n\n<div class=\"wp-block-group has-global-padding is-layout-constrained wp-block-group-is-layout-constrained\">\n<figure class=\"wp-block-image aligncenter size-full has-custom-border\"><img loading=\"lazy\" decoding=\"async\" width=\"1943\" height=\"1451\" src=\"https:\/\/assolabrique.com\/wp-content\/uploads\/2025\/03\/Arras-Impro.jpg\" alt=\"\" class=\"wp-image-618\" style=\"border-style:none;border-width:0px;border-radius:20px\"\/><figcaption class=\"wp-element-caption\">Arras Impro, troupe de th\u00e9\u00e2tre<\/figcaption><\/figure>\n<\/div>\n\n\n\n<figure class=\"wp-block-image aligncenter size-full has-custom-border\"><img loading=\"lazy\" decoding=\"async\" width=\"800\" height=\"1023\" src=\"https:\/\/assolabrique.com\/wp-content\/uploads\/2025\/02\/Mango-Ditties.jpg\" alt=\"\" class=\"wp-image-389\" style=\"border-radius:20px\"\/><figcaption class=\"wp-element-caption\">Mango Ditties, concert en duo<\/figcaption><\/figure>\n<\/div>\n<\/div>\n<\/div>\n\n\n\n<div class=\"wp-block-cover alignfull is-light has-parallax\" style=\"padding-top:var(--wp--preset--spacing--50);padding-right:var(--wp--preset--spacing--50);padding-bottom:var(--wp--preset--spacing--50);padding-left:var(--wp--preset--spacing--50);min-height:100vh;aspect-ratio:unset;\"><div class=\"wp-block-cover__image-background wp-image-391 has-parallax\" style=\"background-position:50% 50%;background-image:url(https:\/\/assolabrique.com\/wp-content\/uploads\/2025\/02\/x-5.jpg)\"><\/div><span aria-hidden=\"true\" class=\"wp-block-cover__background has-base-background-color has-background-dim-0 has-background-dim\"><\/span><div class=\"wp-block-cover__inner-container has-global-padding is-layout-constrained wp-container-core-cover-is-layout-e4fd886c wp-block-cover-is-layout-constrained\">\n<p class=\"has-text-align-center has-heading-font-family has-x-large-font-size\" style=\"font-style:normal;font-weight:400;line-height:1.2\"><em><strong><mark style=\"background-color:rgba(0, 0, 0, 0)\" class=\"has-inline-color has-contrast-color\">Les \u00e9changes et les rires sont toujours au rendez-vous<\/mark><\/strong><\/em><\/p>\n<\/div><\/div>\n","protected":false},"excerpt":{"rendered":"<p>L\u2019op\u00e9ration \u00ab&nbsp;bo\u00eetes \u00e0 cadeaux&nbsp;\u00bb organis\u00e9e par la Maison de l\u2019Emploi et des M\u00e9tiers (MEM), permet \u00e0 La Brique de b\u00e9n\u00e9ficier chaque ann\u00e9e d\u2019une quarantaine&nbsp;de bo\u00eetes, destin\u00e9es \u00e0 \u00eatre distribu\u00e9es lors de la f\u00eate de fin d\u2019ann\u00e9e et des maraudes suivantes. Elles \u00e9taient remplies de merveilles et de petits mots doux. De quoi faire des heureux&nbsp;gr\u00e2ce [&hellip;]<\/p>\n","protected":false},"author":2,"featured_media":0,"parent":0,"menu_order":0,"comment_status":"closed","ping_status":"closed","template":"","meta":{"footnotes":""},"class_list":["post-203","page","type-page","status-publish","hentry"],"_links":{"self":[{"href":"https:\/\/assolabrique.com\/index.php?rest_route=\/wp\/v2\/pages\/203","targetHints":{"allow":["GET"]}}],"collection":[{"href":"https:\/\/assolabrique.com\/index.php?rest_route=\/wp\/v2\/pages"}],"about":[{"href":"https:\/\/assolabrique.com\/index.php?rest_route=\/wp\/v2\/types\/page"}],"author":[{"embeddable":true,"href":"https:\/\/assolabrique.com\/index.php?rest_route=\/wp\/v2\/users\/2"}],"replies":[{"embeddable":true,"href":"https:\/\/assolabrique.com\/index.php?rest_route=%2Fwp%2Fv2%2Fcomments&post=203"}],"version-history":[{"count":40,"href":"https:\/\/assolabrique.com\/index.php?rest_route=\/wp\/v2\/pages\/203\/revisions"}],"predecessor-version":[{"id":934,"href":"https:\/\/assolabrique.com\/index.php?rest_route=\/wp\/v2\/pages\/203\/revisions\/934"}],"wp:attachment":[{"href":"https:\/\/assolabrique.com\/index.php?rest_route=%2Fwp%2Fv2%2Fmedia&parent=203"}],"curies":[{"name":"wp","href":"https:\/\/api.w.org\/{rel}","templated":true}]}}