{"id":245,"date":"2025-02-04T11:24:26","date_gmt":"2025-02-04T11:24:26","guid":{"rendered":"https:\/\/association-labrique.fr\/?page_id=245"},"modified":"2025-12-18T15:18:21","modified_gmt":"2025-12-18T14:18:21","slug":"les_collectes","status":"publish","type":"page","link":"https:\/\/assolabrique.com\/?page_id=245","title":{"rendered":"LES COLLECTES"},"content":{"rendered":"\n<figure class=\"wp-block-image aligncenter size-full is-resized\"><img loading=\"lazy\" decoding=\"async\" width=\"1080\" height=\"894\" src=\"https:\/\/assolabrique.com\/wp-content\/uploads\/2025\/02\/soupe-et-eau.png\" alt=\"\" class=\"wp-image-268\" style=\"width:362px;height:auto\"\/><\/figure>\n\n\n\n<div class=\"wp-block-group alignfull has-base-2-background-color has-background has-global-padding is-layout-constrained wp-container-core-group-is-layout-d89aad35 wp-block-group-is-layout-constrained\" style=\"margin-top:0;margin-bottom:0;padding-top:var(--wp--preset--spacing--50);padding-right:var(--wp--preset--spacing--50);padding-bottom:var(--wp--preset--spacing--50);padding-left:var(--wp--preset--spacing--50)\">\n<div class=\"wp-block-columns alignwide is-layout-flex wp-container-core-columns-is-layout-549b0c86 wp-block-columns-is-layout-flex\">\n<div class=\"wp-block-column is-layout-flow wp-block-column-is-layout-flow\" style=\"flex-basis:33.33%\">\n<figure class=\"wp-block-image aligncenter size-full has-custom-border\"><img loading=\"lazy\" decoding=\"async\" width=\"3508\" height=\"2480\" src=\"https:\/\/assolabrique.com\/wp-content\/uploads\/2025\/03\/Affiches.jpg\" alt=\"\" class=\"wp-image-677\" style=\"border-radius:25px\"\/><\/figure>\n\n\n\n<figure class=\"wp-block-image aligncenter size-full has-custom-border\"><img loading=\"lazy\" decoding=\"async\" width=\"2686\" height=\"1927\" src=\"https:\/\/assolabrique.com\/wp-content\/uploads\/2025\/02\/Slips-recoltes.jpg\" alt=\"\" class=\"wp-image-430\" style=\"border-radius:25px\"\/><\/figure>\n\n\n\n<figure class=\"wp-block-image aligncenter size-full has-custom-border\"><img loading=\"lazy\" decoding=\"async\" width=\"1152\" height=\"2048\" src=\"https:\/\/assolabrique.com\/wp-content\/uploads\/2025\/02\/IMG-20241220-WA00241.jpg\" alt=\"\" class=\"wp-image-426\" style=\"border-radius:25px\"\/><figcaption class=\"wp-element-caption\">Collecte \u00e0 PFM<\/figcaption><\/figure>\n<\/div>\n\n\n\n<div class=\"wp-block-column is-layout-flow wp-block-column-is-layout-flow\" style=\"flex-basis:66.66%\">\n<p><mark style=\"background-color:rgba(0, 0, 0, 0)\" class=\"has-inline-color has-accent-3-color\">Afin d\u2019assurer les maraudes, tout au long de l\u2019ann\u00e9e, nous organisons des collectes en magasin et lors de soir\u00e9es sp\u00e9cifiques&nbsp;:<\/mark><\/p>\n\n\n\n<p><mark style=\"background-color:rgba(0, 0, 0, 0)\" class=\"has-inline-color has-accent-3-color\">Leclerc Dainville et D\u00e9cathlon<\/mark> nous accueillent et nous laissent un espace \u00e0 l\u2019entr\u00e9e de leur magasin, afin de distribuer des flyers et sensibiliser les clients.<\/p>\n\n\n\n<p>Nous r\u00e9coltons ainsi beaucoup de dons&nbsp;:<\/p>\n\n\n\n<p><mark style=\"background-color:rgba(0, 0, 0, 0)\" class=\"has-inline-color has-accent-3-color\">Des soir\u00e9es culturelles<\/mark> sont organis\u00e9es, avec collectes au profit de La Brique\u00a0: <mark style=\"background-color:rgba(0, 0, 0, 0)\" class=\"has-inline-color has-accent-3-color\">les chalets au march\u00e9 de No\u00ebl et les concerts \u00e0 PFM<\/mark>.<\/p>\n\n\n\n<div style=\"height:30px\" aria-hidden=\"true\" class=\"wp-block-spacer\"><\/div>\n\n\n\n<figure class=\"wp-block-image aligncenter size-full has-custom-border\"><img loading=\"lazy\" decoding=\"async\" width=\"3455\" height=\"2128\" src=\"https:\/\/assolabrique.com\/wp-content\/uploads\/2025\/02\/x-6.jpg\" alt=\"\" class=\"wp-image-429\" style=\"border-radius:25px\"\/><figcaption class=\"wp-element-caption\">Leclerc Dainville<\/figcaption><\/figure>\n<\/div>\n<\/div>\n<\/div>\n","protected":false},"excerpt":{"rendered":"<p>Afin d\u2019assurer les maraudes, tout au long de l\u2019ann\u00e9e, nous organisons des collectes en magasin et lors de soir\u00e9es sp\u00e9cifiques&nbsp;: Leclerc Dainville et D\u00e9cathlon nous accueillent et nous laissent un espace \u00e0 l\u2019entr\u00e9e de leur magasin, afin de distribuer des flyers et sensibiliser les clients. Nous r\u00e9coltons ainsi beaucoup de dons&nbsp;: Des soir\u00e9es culturelles sont [&hellip;]<\/p>\n","protected":false},"author":2,"featured_media":0,"parent":0,"menu_order":0,"comment_status":"closed","ping_status":"closed","template":"","meta":{"footnotes":""},"class_list":["post-245","page","type-page","status-publish","hentry"],"_links":{"self":[{"href":"https:\/\/assolabrique.com\/index.php?rest_route=\/wp\/v2\/pages\/245","targetHints":{"allow":["GET"]}}],"collection":[{"href":"https:\/\/assolabrique.com\/index.php?rest_route=\/wp\/v2\/pages"}],"about":[{"href":"https:\/\/assolabrique.com\/index.php?rest_route=\/wp\/v2\/types\/page"}],"author":[{"embeddable":true,"href":"https:\/\/assolabrique.com\/index.php?rest_route=\/wp\/v2\/users\/2"}],"replies":[{"embeddable":true,"href":"https:\/\/assolabrique.com\/index.php?rest_route=%2Fwp%2Fv2%2Fcomments&post=245"}],"version-history":[{"count":32,"href":"https:\/\/assolabrique.com\/index.php?rest_route=\/wp\/v2\/pages\/245\/revisions"}],"predecessor-version":[{"id":936,"href":"https:\/\/assolabrique.com\/index.php?rest_route=\/wp\/v2\/pages\/245\/revisions\/936"}],"wp:attachment":[{"href":"https:\/\/assolabrique.com\/index.php?rest_route=%2Fwp%2Fv2%2Fmedia&parent=245"}],"curies":[{"name":"wp","href":"https:\/\/api.w.org\/{rel}","templated":true}]}}