{"id":294,"date":"2025-02-04T12:50:50","date_gmt":"2025-02-04T12:50:50","guid":{"rendered":"https:\/\/association-labrique.fr\/?page_id=294"},"modified":"2025-06-15T11:59:23","modified_gmt":"2025-06-15T09:59:23","slug":"devenez_une_briquette","status":"publish","type":"page","link":"https:\/\/assolabrique.com\/?page_id=294","title":{"rendered":"DEVENEZ UNE BRIQUETTE !"},"content":{"rendered":"\n<div class=\"wp-block-group alignfull has-base-2-background-color has-background has-global-padding is-layout-constrained wp-container-core-group-is-layout-d89aad35 wp-block-group-is-layout-constrained\" style=\"margin-top:0;margin-bottom:0;padding-top:var(--wp--preset--spacing--50);padding-right:var(--wp--preset--spacing--50);padding-bottom:var(--wp--preset--spacing--50);padding-left:var(--wp--preset--spacing--50)\">\n<figure class=\"wp-block-image alignwide size-full has-custom-border\"><img loading=\"lazy\" decoding=\"async\" width=\"1754\" height=\"1240\" src=\"https:\/\/assolabrique.com\/wp-content\/uploads\/2025\/03\/Affiche-AppelaBenevoles.jpg\" alt=\"\" class=\"wp-image-781\" style=\"border-width:1px;border-radius:20px\"\/><\/figure>\n\n\n\n<div class=\"wp-block-columns alignwide is-layout-flex wp-container-core-columns-is-layout-549b0c86 wp-block-columns-is-layout-flex\">\n<div class=\"wp-block-column is-layout-flow wp-block-column-is-layout-flow\" style=\"flex-basis:66.66%\">\n<p><mark style=\"background-color:rgba(0, 0, 0, 0)\" class=\"has-inline-color has-accent-3-color\">L\u2019association est compos\u00e9e de :&nbsp;<\/mark><\/p>\n\n\n\n<p><mark style=\"background-color:rgba(0, 0, 0, 0)\" class=\"has-inline-color has-accent-3-color\">Membres bienfaiteurs<\/mark><strong><mark style=\"background-color:rgba(0, 0, 0, 0)\" class=\"has-inline-color has-accent-3-color\"> <\/mark><\/strong>qui soutiennent l\u2019association par leur g\u00e9n\u00e9rosit\u00e9. Ils apportent une aide financi\u00e8re ou des biens mat\u00e9riels, <\/p>\n\n\n\n<p><mark style=\"background-color:rgba(0, 0, 0, 0)\" class=\"has-inline-color has-accent-3-color\">Membres actifs<\/mark><mark style=\"background-color:rgba(0, 0, 0, 0);color:#e24c4a\" class=\"has-inline-color\"> <\/mark>qui s\u2019impliquent et participent r\u00e9guli\u00e8rement aux activit\u00e9s. Chaque ann\u00e9e, ils paient une cotisation \u00e0 l\u2019association. Les membres de l\u2019association ayant \u00e9t\u00e9 aid\u00e9s et devenant aidants, sont des \u00ab&nbsp;ambassadeurs de La Brique&nbsp;\u00bb. Tous sont forces de propositions&nbsp;!<\/p>\n\n\n\n<p><mark style=\"background-color:rgba(0, 0, 0, 0)\" class=\"has-inline-color has-accent-3-color\">Le conseil d\u2019administration est compos\u00e9 de personnes intervenantes au m\u00eame titre<\/mark><mark style=\"background-color:rgba(0, 0, 0, 0);color:#e24c4a\" class=\"has-inline-color\">,<\/mark> avec chacun la responsabilit\u00e9 de l\u2019organisation d\u2019une ou plusieurs actions.<\/p>\n\n\n\n<p><mark style=\"background-color:rgba(0, 0, 0, 0)\" class=\"has-inline-color has-accent-3-color\">La Brique, c\u2019est 25 adh\u00e9rents b\u00e9n\u00e9voles actifs et bienfaiteurs<\/mark> et 2800 abonn\u00e9s fid\u00e8les \u00e0 la page Facebook.<\/p>\n\n\n\n<p class=\"has-medium-font-size\"><\/p>\n\n\n\n<p class=\"has-text-align-left has-medium-font-size\"><mark style=\"background-color:rgba(0, 0, 0, 0)\" class=\"has-inline-color has-accent-3-color\"><strong><em>Vous pouvez nous envoyer un message sur notre page Facebook : <\/em><\/strong><\/mark><\/p>\n\n\n\n<p class=\"has-text-align-left has-medium-font-size\"><a href=\"https:\/\/www.facebook.com\/labriquearras\">https:\/\/www.facebook.com\/labriquearras<\/a><\/p>\n<\/div>\n\n\n\n<div class=\"wp-block-column is-layout-flow wp-block-column-is-layout-flow\" style=\"flex-basis:33.33%\">\n<figure class=\"wp-block-image aligncenter size-full is-resized\"><img loading=\"lazy\" decoding=\"async\" width=\"260\" height=\"260\" src=\"https:\/\/assolabrique.com\/wp-content\/uploads\/2025\/06\/formatgif.gif\" alt=\"\" class=\"wp-image-850\" style=\"width:204px;height:auto\"\/><\/figure>\n\n\n\n<div class=\"wp-block-buttons is-content-justification-center is-layout-flex wp-container-core-buttons-is-layout-a89b3969 wp-block-buttons-is-layout-flex\">\n<div class=\"wp-block-button\"><a class=\"wp-block-button__link wp-element-button\" href=\"https:\/\/www.helloasso.com\/associations\/la-brique\/adhesions\/adhesion-a-la-brique?fbclid=IwY2xjawIPRypleHRuA2FlbQIxMAABHTowk35bCA7X6vtKFDlLu8wYrs07Z8-bCrFX3tBEgEwYiQ5BW4AoXeo7jw_aem_Ohi-zy02FVpruZ8qpvHb2w\"><strong>Adh\u00e9rer<\/strong><\/a><\/div>\n<\/div>\n<\/div>\n<\/div>\n<\/div>\n","protected":false},"excerpt":{"rendered":"<p>L\u2019association est compos\u00e9e de :&nbsp; Membres bienfaiteurs qui soutiennent l\u2019association par leur g\u00e9n\u00e9rosit\u00e9. Ils apportent une aide financi\u00e8re ou des biens mat\u00e9riels, Membres actifs qui s\u2019impliquent et participent r\u00e9guli\u00e8rement aux activit\u00e9s. Chaque ann\u00e9e, ils paient une cotisation \u00e0 l\u2019association. Les membres de l\u2019association ayant \u00e9t\u00e9 aid\u00e9s et devenant aidants, sont des \u00ab&nbsp;ambassadeurs de La Brique&nbsp;\u00bb. [&hellip;]<\/p>\n","protected":false},"author":2,"featured_media":0,"parent":0,"menu_order":0,"comment_status":"closed","ping_status":"closed","template":"","meta":{"footnotes":""},"class_list":["post-294","page","type-page","status-publish","hentry"],"_links":{"self":[{"href":"https:\/\/assolabrique.com\/index.php?rest_route=\/wp\/v2\/pages\/294","targetHints":{"allow":["GET"]}}],"collection":[{"href":"https:\/\/assolabrique.com\/index.php?rest_route=\/wp\/v2\/pages"}],"about":[{"href":"https:\/\/assolabrique.com\/index.php?rest_route=\/wp\/v2\/types\/page"}],"author":[{"embeddable":true,"href":"https:\/\/assolabrique.com\/index.php?rest_route=\/wp\/v2\/users\/2"}],"replies":[{"embeddable":true,"href":"https:\/\/assolabrique.com\/index.php?rest_route=%2Fwp%2Fv2%2Fcomments&post=294"}],"version-history":[{"count":22,"href":"https:\/\/assolabrique.com\/index.php?rest_route=\/wp\/v2\/pages\/294\/revisions"}],"predecessor-version":[{"id":854,"href":"https:\/\/assolabrique.com\/index.php?rest_route=\/wp\/v2\/pages\/294\/revisions\/854"}],"wp:attachment":[{"href":"https:\/\/assolabrique.com\/index.php?rest_route=%2Fwp%2Fv2%2Fmedia&parent=294"}],"curies":[{"name":"wp","href":"https:\/\/api.w.org\/{rel}","templated":true}]}}