{"id":53,"date":"2025-02-03T19:37:20","date_gmt":"2025-02-03T19:37:20","guid":{"rendered":"https:\/\/association-labrique.fr\/?page_id=53"},"modified":"2025-03-21T16:41:26","modified_gmt":"2025-03-21T15:41:26","slug":"qui_sommes_nous","status":"publish","type":"page","link":"https:\/\/assolabrique.com\/?page_id=53","title":{"rendered":"QUI SOMMES NOUS ?"},"content":{"rendered":"\n<div class=\"wp-block-group alignfull has-base-2-background-color has-background has-global-padding is-layout-constrained wp-container-core-group-is-layout-d89aad35 wp-block-group-is-layout-constrained\" style=\"margin-top:0;margin-bottom:0;padding-top:var(--wp--preset--spacing--50);padding-right:var(--wp--preset--spacing--50);padding-bottom:var(--wp--preset--spacing--50);padding-left:var(--wp--preset--spacing--50)\">\n<div class=\"wp-block-columns alignwide is-layout-flex wp-container-core-columns-is-layout-549b0c86 wp-block-columns-is-layout-flex\">\n<div class=\"wp-block-column is-layout-flow wp-block-column-is-layout-flow\" style=\"flex-basis:66.66%\">\n<p class=\"has-accent-3-color has-text-color has-link-color wp-elements-3b4d6c27fdd4b1ff85f444839ae189c5\">La Brique est une association qui rassemble des b\u00e9n\u00e9voles de tous \u00e2ges et de tous horizons, ayant la volont\u00e9 d\u2019agir ensemble pour l\u2019autre. Nos actions ne sont pas une fin en soi, mais plut\u00f4t un pr\u00e9texte pour servir notre cause.<\/p>\n\n\n\n<p class=\"has-arial-font-family\">L\u2019enjeu de ce collectif est de mobiliser les citoyens autour de la solidarit\u00e9 ! Chacun peut apporter sa contribution en don, pr\u00e9paration ou sur le terrain pour les publics en difficult\u00e9, quelques soient leurs origines.<\/p>\n\n\n\n<p class=\"has-accent-3-color has-text-color has-link-color wp-elements-33c84497e3b9cd35b4f9cb5dd6c9dfa2\"><mark style=\"background-color:rgba(0, 0, 0, 0)\" class=\"has-inline-color has-accent-3-color\">Quelles valeurs d\u00e9fend La Brique ?<\/mark><\/p>\n\n\n\n<p>Nous pensons qu\u2019il est essentiel aujourd\u2019hui de sortir de l\u2019individualisme croissant, de franchir la fronti\u00e8re de nos peurs et d\u2019ouvrir nos portes. Toutes nos actions sont pens\u00e9es collectivement, se veulent apolitiques et La\u00efques. Elles s\u2019appuient aussi sur des structures ou organismes existants comme l\u2019ASA (Association d\u2019Aide aux Sans-Abris), le SIAO (Service Int\u00e9gr\u00e9 d\u2019Accueil et d\u2019Orientation) et bien d\u2019autres.<\/p>\n\n\n\n<p class=\"has-accent-3-color has-text-color has-link-color wp-elements-ba3586e5c72bc4128d501175e0a02f3f\"><mark style=\"background-color:rgba(0, 0, 0, 0)\" class=\"has-inline-color has-accent-3-color\">Quel type d\u2019actions propose La Brique ?<\/mark><\/p>\n\n\n\n<p>Les b\u00e9n\u00e9voles de La Brique se mobilisent pour :<\/p>\n\n\n\n<ul class=\"wp-block-list\">\n<li>Des temps hebdomadaires au profit des sans-abris<strong> <\/strong>et personnes en situation pr\u00e9caire, avec jeux et distribution de repas et v\u00eatements chauds,<\/li>\n<\/ul>\n\n\n\n<ul class=\"wp-block-list\">\n<li>La cr\u00e9ation de moments conviviaux solidaires : soupes populaires, No\u00ebls festifs, sorties de d\u00e9couvertes touristiques, culturelles et sportives\u2026<\/li>\n<\/ul>\n\n\n\n<ul class=\"wp-block-list\">\n<li>Nous aidons et participons aussi ponctuellement aux actions d\u2019aide aux migrants.<\/li>\n<\/ul>\n\n\n\n<p class=\"has-accent-3-color has-text-color has-link-color wp-elements-ab3c0ba4b15a9e00877b246a9834f6d0\"><mark style=\"background-color:rgba(0, 0, 0, 0)\" class=\"has-inline-color has-accent-3-color\">Les b\u00e9n\u00e9voles de la Brique, sont des \u00ab&nbsp;Briquettes&nbsp;\u00bb&nbsp;!<\/mark><\/p>\n<\/div>\n\n\n\n<div class=\"wp-block-column is-layout-flow wp-block-column-is-layout-flow\" style=\"flex-basis:33.33%\">\n<figure class=\"wp-block-image aligncenter size-full is-resized\"><img loading=\"lazy\" decoding=\"async\" width=\"1750\" height=\"2200\" src=\"https:\/\/assolabrique.com\/wp-content\/uploads\/2025\/02\/Briquette4.png\" alt=\"\" class=\"wp-image-143\" style=\"width:204px;height:auto\"\/><\/figure>\n\n\n\n<div style=\"height:100px\" aria-hidden=\"true\" class=\"wp-block-spacer\"><\/div>\n\n\n\n<figure class=\"wp-block-image aligncenter size-full has-custom-border\"><img loading=\"lazy\" decoding=\"async\" width=\"2048\" height=\"1536\" src=\"https:\/\/assolabrique.com\/wp-content\/uploads\/2025\/02\/IMG-20241219-WA0004.jpg\" alt=\"\" class=\"wp-image-511\" style=\"border-radius:25px\"\/><figcaption class=\"wp-element-caption\">Une partie des Briquettes \u00e0 la F\u00eate de No\u00ebl<\/figcaption><\/figure>\n<\/div>\n<\/div>\n<\/div>\n\n\n\n<div class=\"wp-block-cover alignfull is-light has-parallax\" style=\"padding-top:var(--wp--preset--spacing--50);padding-right:var(--wp--preset--spacing--50);padding-bottom:var(--wp--preset--spacing--50);padding-left:var(--wp--preset--spacing--50);min-height:100vh;aspect-ratio:unset;\"><span aria-hidden=\"true\" class=\"wp-block-cover__background has-base-background-color has-background-dim-0 has-background-dim\"><\/span><div class=\"wp-block-cover__image-background wp-image-586 has-parallax\" style=\"background-position:50% 50%;background-image:url(https:\/\/assolabrique.com\/wp-content\/uploads\/2025\/03\/Equipe-Recadree-1.jpg)\"><\/div><div class=\"wp-block-cover__inner-container has-global-padding is-layout-constrained wp-container-core-cover-is-layout-e4fd886c wp-block-cover-is-layout-constrained\">\n<p class=\"has-text-align-center has-heading-font-family has-x-large-font-size\" style=\"font-style:normal;font-weight:400;line-height:1.2\"><em><mark style=\"background-color:rgba(0, 0, 0, 0)\" class=\"has-inline-color has-contrast-color\"><strong>Briques apr\u00e8s Briques, fabriquons un monde meilleur&nbsp;!<\/strong><\/mark><\/em><\/p>\n<\/div><\/div>\n","protected":false},"excerpt":{"rendered":"<p>La Brique est une association qui rassemble des b\u00e9n\u00e9voles de tous \u00e2ges et de tous horizons, ayant la volont\u00e9 d\u2019agir ensemble pour l\u2019autre. Nos actions ne sont pas une fin en soi, mais plut\u00f4t un pr\u00e9texte pour servir notre cause. L\u2019enjeu de ce collectif est de mobiliser les citoyens autour de la solidarit\u00e9 ! Chacun [&hellip;]<\/p>\n","protected":false},"author":2,"featured_media":0,"parent":0,"menu_order":0,"comment_status":"closed","ping_status":"closed","template":"","meta":{"footnotes":"[]"},"class_list":["post-53","page","type-page","status-publish","hentry"],"_links":{"self":[{"href":"https:\/\/assolabrique.com\/index.php?rest_route=\/wp\/v2\/pages\/53","targetHints":{"allow":["GET"]}}],"collection":[{"href":"https:\/\/assolabrique.com\/index.php?rest_route=\/wp\/v2\/pages"}],"about":[{"href":"https:\/\/assolabrique.com\/index.php?rest_route=\/wp\/v2\/types\/page"}],"author":[{"embeddable":true,"href":"https:\/\/assolabrique.com\/index.php?rest_route=\/wp\/v2\/users\/2"}],"replies":[{"embeddable":true,"href":"https:\/\/assolabrique.com\/index.php?rest_route=%2Fwp%2Fv2%2Fcomments&post=53"}],"version-history":[{"count":49,"href":"https:\/\/assolabrique.com\/index.php?rest_route=\/wp\/v2\/pages\/53\/revisions"}],"predecessor-version":[{"id":792,"href":"https:\/\/assolabrique.com\/index.php?rest_route=\/wp\/v2\/pages\/53\/revisions\/792"}],"wp:attachment":[{"href":"https:\/\/assolabrique.com\/index.php?rest_route=%2Fwp%2Fv2%2Fmedia&parent=53"}],"curies":[{"name":"wp","href":"https:\/\/api.w.org\/{rel}","templated":true}]}}